{"id":5475,"date":"2025-05-08T08:47:51","date_gmt":"2025-05-08T06:47:51","guid":{"rendered":"https:\/\/www.hotel-more.hr\/?page_id=5475"},"modified":"2026-01-08T10:39:05","modified_gmt":"2026-01-08T09:39:05","slug":"uber-uns-ein-luxushotel-in-dubrovnik","status":"publish","type":"page","link":"https:\/\/www.hotel-more.hr\/de\/uber-uns-ein-luxushotel-in-dubrovnik\/","title":{"rendered":"\u00dcber uns \u2013 ein Luxushotel in Dubrovnik"},"content":{"rendered":"<h2>Elegant \u00fcber der wundersch\u00f6nen Bucht von Lapad gelegen, bietet das Hotel More mit Meerblick die besten Pl\u00e4tze f\u00fcr die sch\u00f6nste Vorstellung Dubrovniks \u2013 den Sonnenuntergang. Dieses t\u00e4gliche Schauspiel k\u00f6nnen Sie vom Balkon Ihres Zimmers, vom Poolbar, aus dem Whirlpool im Spa, von den Restaurantterrassen oder aus der Cave Bar More direkt auf Meeresh\u00f6he genie\u00dfen. Lassen Sie sich von Sonne, Meer und purer Entspannung in dieser ruhigen Oase des Genusses verw\u00f6hnen.<\/h2>\n","protected":false},"excerpt":{"rendered":"<p>Elegant \u00fcber der wundersch\u00f6nen Bucht von Lapad gelegen, bietet das Hotel More mit Meerblick die besten Pl\u00e4tze f\u00fcr die sch\u00f6nste Vorstellung Dubrovniks \u2013 den Sonnenuntergang. Dieses t\u00e4gliche Schauspiel k\u00f6nnen Sie vom Balkon Ihres Zimmers, vom Poolbar, aus dem Whirlpool im Spa, von den Restaurantterrassen oder aus der Cave Bar More direkt auf Meeresh\u00f6he genie\u00dfen. Lassen [&hellip;]<\/p>\n","protected":false},"author":1,"featured_media":3326,"parent":0,"menu_order":21,"comment_status":"closed","ping_status":"closed","template":"template-onama.php","meta":{"_acf_changed":false,"footnotes":""},"class_list":["post-5475","page","type-page","status-publish","has-post-thumbnail","hentry"],"acf":[],"_links":{"self":[{"href":"https:\/\/www.hotel-more.hr\/de\/wp-json\/wp\/v2\/pages\/5475","targetHints":{"allow":["GET"]}}],"collection":[{"href":"https:\/\/www.hotel-more.hr\/de\/wp-json\/wp\/v2\/pages"}],"about":[{"href":"https:\/\/www.hotel-more.hr\/de\/wp-json\/wp\/v2\/types\/page"}],"author":[{"embeddable":true,"href":"https:\/\/www.hotel-more.hr\/de\/wp-json\/wp\/v2\/users\/1"}],"replies":[{"embeddable":true,"href":"https:\/\/www.hotel-more.hr\/de\/wp-json\/wp\/v2\/comments?post=5475"}],"version-history":[{"count":3,"href":"https:\/\/www.hotel-more.hr\/de\/wp-json\/wp\/v2\/pages\/5475\/revisions"}],"predecessor-version":[{"id":5478,"href":"https:\/\/www.hotel-more.hr\/de\/wp-json\/wp\/v2\/pages\/5475\/revisions\/5478"}],"wp:featuredmedia":[{"embeddable":true,"href":"https:\/\/www.hotel-more.hr\/de\/wp-json\/wp\/v2\/media\/3326"}],"wp:attachment":[{"href":"https:\/\/www.hotel-more.hr\/de\/wp-json\/wp\/v2\/media?parent=5475"}],"curies":[{"name":"wp","href":"https:\/\/api.w.org\/{rel}","templated":true}]}}