{"id":5498,"date":"2025-11-05T08:35:43","date_gmt":"2025-11-05T07:35:43","guid":{"rendered":"https:\/\/www.hotel-more.hr\/?page_id=5498"},"modified":"2026-01-08T11:55:49","modified_gmt":"2026-01-08T10:55:49","slug":"unsere-kollektion","status":"publish","type":"page","link":"https:\/\/www.hotel-more.hr\/de\/unsere-kollektion\/","title":{"rendered":"Unsere Kollektion"},"content":{"rendered":"<h2>Entdecken Sie unsere Kollektion an Suiten und Villen, ideal f\u00fcr Reisende, die die Privatsph\u00e4re und den Komfort einer eigenen Unterkunft sch\u00e4tzen, aber gleichzeitig die Annehmlichkeiten und Services eines Hotels genie\u00dfen m\u00f6chten. Jede Unterkunft erz\u00e4hlt ihre eigene Geschichte und besticht durch einzigartigen Charme, Charakter und Atmosph\u00e4re. Gelegen an einigen der sch\u00f6nsten Orte Dubrovniks und der Umgebung \u2013 vom historischen Altstadtkern bis zum kleinen Dorf Zaton \u2013 bieten unsere Unterk\u00fcnfte die perfekte Auswahl f\u00fcr unterschiedliche Urlaubsstile. St\u00f6bern Sie in unserer Kollektion und finden Sie die Unterkunft, die ideal auf Ihre W\u00fcnsche f\u00fcr einen unvergesslichen Aufenthalt abgestimmt ist.<\/h2>\n","protected":false},"excerpt":{"rendered":"<p>Entdecken Sie unsere Kollektion an Suiten und Villen, ideal f\u00fcr Reisende, die die Privatsph\u00e4re und den Komfort einer eigenen Unterkunft sch\u00e4tzen, aber gleichzeitig die Annehmlichkeiten und Services eines Hotels genie\u00dfen m\u00f6chten. Jede Unterkunft erz\u00e4hlt ihre eigene Geschichte und besticht durch einzigartigen Charme, Charakter und Atmosph\u00e4re. Gelegen an einigen der sch\u00f6nsten Orte Dubrovniks und der Umgebung [&hellip;]<\/p>\n","protected":false},"author":1,"featured_media":4676,"parent":0,"menu_order":7,"comment_status":"closed","ping_status":"closed","template":"template-our-collection.php","meta":{"_acf_changed":false,"footnotes":""},"class_list":["post-5498","page","type-page","status-publish","has-post-thumbnail","hentry"],"acf":[],"_links":{"self":[{"href":"https:\/\/www.hotel-more.hr\/de\/wp-json\/wp\/v2\/pages\/5498","targetHints":{"allow":["GET"]}}],"collection":[{"href":"https:\/\/www.hotel-more.hr\/de\/wp-json\/wp\/v2\/pages"}],"about":[{"href":"https:\/\/www.hotel-more.hr\/de\/wp-json\/wp\/v2\/types\/page"}],"author":[{"embeddable":true,"href":"https:\/\/www.hotel-more.hr\/de\/wp-json\/wp\/v2\/users\/1"}],"replies":[{"embeddable":true,"href":"https:\/\/www.hotel-more.hr\/de\/wp-json\/wp\/v2\/comments?post=5498"}],"version-history":[{"count":2,"href":"https:\/\/www.hotel-more.hr\/de\/wp-json\/wp\/v2\/pages\/5498\/revisions"}],"predecessor-version":[{"id":5500,"href":"https:\/\/www.hotel-more.hr\/de\/wp-json\/wp\/v2\/pages\/5498\/revisions\/5500"}],"wp:featuredmedia":[{"embeddable":true,"href":"https:\/\/www.hotel-more.hr\/de\/wp-json\/wp\/v2\/media\/4676"}],"wp:attachment":[{"href":"https:\/\/www.hotel-more.hr\/de\/wp-json\/wp\/v2\/media?parent=5498"}],"curies":[{"name":"wp","href":"https:\/\/api.w.org\/{rel}","templated":true}]}}