{"id":6165,"date":"2026-04-10T09:41:39","date_gmt":"2026-04-10T07:41:39","guid":{"rendered":"https:\/\/www.hotel-more.hr\/?page_id=6165"},"modified":"2026-04-21T14:09:01","modified_gmt":"2026-04-21T12:09:01","slug":"more-spa","status":"publish","type":"page","link":"https:\/\/www.hotel-more.hr\/de\/more-spa\/","title":{"rendered":"More Spa"},"content":{"rendered":"<h2>Neu er\u00f6ffnet in diesem Jahr, wurde das Hotel More Spa als Ort der Ruhe, Balance und Zeit f\u00fcr sich selbst konzipiert. Von K\u00f6rperbehandlungen und Massagen bis hin zu individuell abgestimmten Gesichtsbehandlungen ist jedes Erlebnis darauf ausgerichtet, Ihnen zu helfen, zu entschleunigen und wieder zu sich selbst zu finden \u2013 in einer Atmosph\u00e4re, die zugleich stilvoll und unaufdringlich ist.<\/h2>\n","protected":false},"excerpt":{"rendered":"<p>Neu er\u00f6ffnet in diesem Jahr, wurde das Hotel More Spa als Ort der Ruhe, Balance und Zeit f\u00fcr sich selbst konzipiert. Von K\u00f6rperbehandlungen und Massagen bis hin zu individuell abgestimmten Gesichtsbehandlungen ist jedes Erlebnis darauf ausgerichtet, Ihnen zu helfen, zu entschleunigen und wieder zu sich selbst zu finden \u2013 in einer Atmosph\u00e4re, die zugleich stilvoll [&hellip;]<\/p>\n","protected":false},"author":1,"featured_media":6015,"parent":0,"menu_order":3,"comment_status":"closed","ping_status":"closed","template":"template-spa.php","meta":{"_acf_changed":false,"footnotes":""},"class_list":["post-6165","page","type-page","status-publish","has-post-thumbnail","hentry"],"acf":[],"_links":{"self":[{"href":"https:\/\/www.hotel-more.hr\/de\/wp-json\/wp\/v2\/pages\/6165","targetHints":{"allow":["GET"]}}],"collection":[{"href":"https:\/\/www.hotel-more.hr\/de\/wp-json\/wp\/v2\/pages"}],"about":[{"href":"https:\/\/www.hotel-more.hr\/de\/wp-json\/wp\/v2\/types\/page"}],"author":[{"embeddable":true,"href":"https:\/\/www.hotel-more.hr\/de\/wp-json\/wp\/v2\/users\/1"}],"replies":[{"embeddable":true,"href":"https:\/\/www.hotel-more.hr\/de\/wp-json\/wp\/v2\/comments?post=6165"}],"version-history":[{"count":2,"href":"https:\/\/www.hotel-more.hr\/de\/wp-json\/wp\/v2\/pages\/6165\/revisions"}],"predecessor-version":[{"id":6168,"href":"https:\/\/www.hotel-more.hr\/de\/wp-json\/wp\/v2\/pages\/6165\/revisions\/6168"}],"wp:featuredmedia":[{"embeddable":true,"href":"https:\/\/www.hotel-more.hr\/de\/wp-json\/wp\/v2\/media\/6015"}],"wp:attachment":[{"href":"https:\/\/www.hotel-more.hr\/de\/wp-json\/wp\/v2\/media?parent=6165"}],"curies":[{"name":"wp","href":"https:\/\/api.w.org\/{rel}","templated":true}]}}