{"id":5463,"date":"2025-05-08T08:47:51","date_gmt":"2025-05-08T06:47:51","guid":{"rendered":"https:\/\/www.hotel-more.hr\/?page_id=5463"},"modified":"2026-01-08T10:18:59","modified_gmt":"2026-01-08T09:18:59","slug":"a-propos-de-nous-un-hotel-de-luxe-a-dubrovnik","status":"publish","type":"page","link":"https:\/\/www.hotel-more.hr\/fr\/a-propos-de-nous-un-hotel-de-luxe-a-dubrovnik\/","title":{"rendered":"\u00c0 propos de nous \u2013 un h\u00f4tel de luxe \u00e0 Dubrovnik"},"content":{"rendered":"<h2>\u00c9l\u00e9gamment situ\u00e9 au-dessus de la magnifique baie de Lapad, l\u2019H\u00f4tel More avec vue sur la mer offre les meilleurs emplacements pour assister au plus beau spectacle de Dubrovnik : le coucher de soleil. Ce spectacle quotidien peut \u00eatre admir\u00e9 depuis le balcon de votre chambre, depuis la pool bar, le jacuzzi du spa, les terrasses du restaurant ou encore depuis la Cave Bar More, directement au niveau de la mer. Laissez-vous choyer par le soleil, la mer et la d\u00e9tente pure dans cette oasis paisible de plaisir.<\/h2>\n","protected":false},"excerpt":{"rendered":"<p>\u00c9l\u00e9gamment situ\u00e9 au-dessus de la magnifique baie de Lapad, l\u2019H\u00f4tel More avec vue sur la mer offre les meilleurs emplacements pour assister au plus beau spectacle de Dubrovnik : le coucher de soleil. Ce spectacle quotidien peut \u00eatre admir\u00e9 depuis le balcon de votre chambre, depuis la pool bar, le jacuzzi du spa, les terrasses [&hellip;]<\/p>\n","protected":false},"author":1,"featured_media":3325,"parent":0,"menu_order":27,"comment_status":"closed","ping_status":"closed","template":"template-onama.php","meta":{"_acf_changed":false,"footnotes":""},"class_list":["post-5463","page","type-page","status-publish","has-post-thumbnail","hentry"],"acf":[],"_links":{"self":[{"href":"https:\/\/www.hotel-more.hr\/fr\/wp-json\/wp\/v2\/pages\/5463","targetHints":{"allow":["GET"]}}],"collection":[{"href":"https:\/\/www.hotel-more.hr\/fr\/wp-json\/wp\/v2\/pages"}],"about":[{"href":"https:\/\/www.hotel-more.hr\/fr\/wp-json\/wp\/v2\/types\/page"}],"author":[{"embeddable":true,"href":"https:\/\/www.hotel-more.hr\/fr\/wp-json\/wp\/v2\/users\/1"}],"replies":[{"embeddable":true,"href":"https:\/\/www.hotel-more.hr\/fr\/wp-json\/wp\/v2\/comments?post=5463"}],"version-history":[{"count":5,"href":"https:\/\/www.hotel-more.hr\/fr\/wp-json\/wp\/v2\/pages\/5463\/revisions"}],"predecessor-version":[{"id":5470,"href":"https:\/\/www.hotel-more.hr\/fr\/wp-json\/wp\/v2\/pages\/5463\/revisions\/5470"}],"wp:featuredmedia":[{"embeddable":true,"href":"https:\/\/www.hotel-more.hr\/fr\/wp-json\/wp\/v2\/media\/3325"}],"wp:attachment":[{"href":"https:\/\/www.hotel-more.hr\/fr\/wp-json\/wp\/v2\/media?parent=5463"}],"curies":[{"name":"wp","href":"https:\/\/api.w.org\/{rel}","templated":true}]}}