{"id":5468,"date":"2025-05-08T08:48:10","date_gmt":"2025-05-08T06:48:10","guid":{"rendered":"https:\/\/www.hotel-more.hr\/?page_id=5468"},"modified":"2026-01-08T10:59:00","modified_gmt":"2026-01-08T09:59:00","slug":"ressources-humaines","status":"publish","type":"page","link":"https:\/\/www.hotel-more.hr\/fr\/ressources-humaines\/","title":{"rendered":"Ressources humaines"},"content":{"rendered":"<p>Notre travail d\u2019\u00e9quipe repose sur le respect mutuel, l\u2019apprentissage continu et la reconnaissance de l\u2019excellence. Nous offrons\u202f:<\/p>\n<ul>\n<li>Logement<\/li>\n<li>Excellentes conditions de travail<\/li>\n<li>R\u00e9mun\u00e9ration tr\u00e8s attractive<\/li>\n<li>\u00c9valuation r\u00e9guli\u00e8re des performances et reconnaissance des r\u00e9sultats exceptionnels<\/li>\n<li>Contrat \u00e0 dur\u00e9e d\u00e9termin\u00e9e avec possibilit\u00e9 de passage \u00e0 dur\u00e9e ind\u00e9termin\u00e9e<\/li>\n<li>Ambiance de travail conviviale<\/li>\n<li>Environnement motivant et dynamique<\/li>\n<li>Collaboration au sein d\u2019une \u00e9quipe engag\u00e9e et exp\u00e9riment\u00e9e de professionnels<\/li>\n<\/ul>\n<p>&nbsp;<\/p>\n<p>Si vous souhaitez rejoindre l\u2019\u00e9quipe de l\u2019H\u00f4tel More, consultez ci-dessous nos offres d\u2019emploi actuelles ou envoyez-nous votre candidature spontan\u00e9e \u00e0 posao@hotel-more.hr, en pr\u00e9cisant le poste pour lequel vous postulez.<\/p>\n<p><em>Nous nous r\u00e9jouissons de recevoir votre candidature\u202f!<\/em><\/p>\n","protected":false},"excerpt":{"rendered":"<p>Notre travail d\u2019\u00e9quipe repose sur le respect mutuel, l\u2019apprentissage continu et la reconnaissance de l\u2019excellence. Nous offrons\u202f: Logement Excellentes conditions de travail R\u00e9mun\u00e9ration tr\u00e8s attractive \u00c9valuation r\u00e9guli\u00e8re des performances et reconnaissance des r\u00e9sultats exceptionnels Contrat \u00e0 dur\u00e9e d\u00e9termin\u00e9e avec possibilit\u00e9 de passage \u00e0 dur\u00e9e ind\u00e9termin\u00e9e Ambiance de travail conviviale Environnement motivant et dynamique Collaboration au [&hellip;]<\/p>\n","protected":false},"author":1,"featured_media":4473,"parent":0,"menu_order":41,"comment_status":"closed","ping_status":"closed","template":"template-ljudski-potencijali.php","meta":{"_acf_changed":false,"footnotes":""},"class_list":["post-5468","page","type-page","status-publish","has-post-thumbnail","hentry"],"acf":[],"_links":{"self":[{"href":"https:\/\/www.hotel-more.hr\/fr\/wp-json\/wp\/v2\/pages\/5468","targetHints":{"allow":["GET"]}}],"collection":[{"href":"https:\/\/www.hotel-more.hr\/fr\/wp-json\/wp\/v2\/pages"}],"about":[{"href":"https:\/\/www.hotel-more.hr\/fr\/wp-json\/wp\/v2\/types\/page"}],"author":[{"embeddable":true,"href":"https:\/\/www.hotel-more.hr\/fr\/wp-json\/wp\/v2\/users\/1"}],"replies":[{"embeddable":true,"href":"https:\/\/www.hotel-more.hr\/fr\/wp-json\/wp\/v2\/comments?post=5468"}],"version-history":[{"count":4,"href":"https:\/\/www.hotel-more.hr\/fr\/wp-json\/wp\/v2\/pages\/5468\/revisions"}],"predecessor-version":[{"id":5483,"href":"https:\/\/www.hotel-more.hr\/fr\/wp-json\/wp\/v2\/pages\/5468\/revisions\/5483"}],"wp:featuredmedia":[{"embeddable":true,"href":"https:\/\/www.hotel-more.hr\/fr\/wp-json\/wp\/v2\/media\/4473"}],"wp:attachment":[{"href":"https:\/\/www.hotel-more.hr\/fr\/wp-json\/wp\/v2\/media?parent=5468"}],"curies":[{"name":"wp","href":"https:\/\/api.w.org\/{rel}","templated":true}]}}