{"id":5494,"date":"2025-11-05T08:35:43","date_gmt":"2025-11-05T07:35:43","guid":{"rendered":"https:\/\/www.hotel-more.hr\/?page_id=5494"},"modified":"2026-01-08T11:49:27","modified_gmt":"2026-01-08T10:49:27","slug":"notre-collection","status":"publish","type":"page","link":"https:\/\/www.hotel-more.hr\/fr\/notre-collection\/","title":{"rendered":"Notre collection"},"content":{"rendered":"<h2>D\u00e9couvrez notre collection de suites et villas, id\u00e9ale pour les voyageurs qui appr\u00e9cient l\u2019intimit\u00e9 et le confort d\u2019un logement priv\u00e9 tout en profitant des services et commodit\u00e9s d\u2019un h\u00f4tel. Chaque h\u00e9bergement raconte sa propre histoire et s\u00e9duit par son charme unique, son caract\u00e8re et son atmosph\u00e8re. Situ\u00e9es dans certains des plus beaux endroits de Dubrovnik et de ses environs \u2013 du c\u0153ur historique de la vieille ville jusqu\u2019au petit village de Zaton \u2013 nos propri\u00e9t\u00e9s offrent une s\u00e9lection parfaite pour tous les styles de s\u00e9jour. Parcourez notre collection et trouvez l\u2019h\u00e9bergement parfaitement adapt\u00e9 \u00e0 vos envies pour un s\u00e9jour inoubliable.<\/h2>\n","protected":false},"excerpt":{"rendered":"<p>D\u00e9couvrez notre collection de suites et villas, id\u00e9ale pour les voyageurs qui appr\u00e9cient l\u2019intimit\u00e9 et le confort d\u2019un logement priv\u00e9 tout en profitant des services et commodit\u00e9s d\u2019un h\u00f4tel. Chaque h\u00e9bergement raconte sa propre histoire et s\u00e9duit par son charme unique, son caract\u00e8re et son atmosph\u00e8re. Situ\u00e9es dans certains des plus beaux endroits de Dubrovnik [&hellip;]<\/p>\n","protected":false},"author":1,"featured_media":4675,"parent":0,"menu_order":12,"comment_status":"closed","ping_status":"closed","template":"template-our-collection.php","meta":{"_acf_changed":false,"footnotes":""},"class_list":["post-5494","page","type-page","status-publish","has-post-thumbnail","hentry"],"acf":[],"_links":{"self":[{"href":"https:\/\/www.hotel-more.hr\/fr\/wp-json\/wp\/v2\/pages\/5494","targetHints":{"allow":["GET"]}}],"collection":[{"href":"https:\/\/www.hotel-more.hr\/fr\/wp-json\/wp\/v2\/pages"}],"about":[{"href":"https:\/\/www.hotel-more.hr\/fr\/wp-json\/wp\/v2\/types\/page"}],"author":[{"embeddable":true,"href":"https:\/\/www.hotel-more.hr\/fr\/wp-json\/wp\/v2\/users\/1"}],"replies":[{"embeddable":true,"href":"https:\/\/www.hotel-more.hr\/fr\/wp-json\/wp\/v2\/comments?post=5494"}],"version-history":[{"count":3,"href":"https:\/\/www.hotel-more.hr\/fr\/wp-json\/wp\/v2\/pages\/5494\/revisions"}],"predecessor-version":[{"id":5497,"href":"https:\/\/www.hotel-more.hr\/fr\/wp-json\/wp\/v2\/pages\/5494\/revisions\/5497"}],"wp:featuredmedia":[{"embeddable":true,"href":"https:\/\/www.hotel-more.hr\/fr\/wp-json\/wp\/v2\/media\/4675"}],"wp:attachment":[{"href":"https:\/\/www.hotel-more.hr\/fr\/wp-json\/wp\/v2\/media?parent=5494"}],"curies":[{"name":"wp","href":"https:\/\/api.w.org\/{rel}","templated":true}]}}