{"id":5501,"date":"2025-05-07T10:09:26","date_gmt":"2025-05-07T08:09:26","guid":{"rendered":"https:\/\/www.hotel-more.hr\/?page_id=5501"},"modified":"2026-01-08T12:46:37","modified_gmt":"2026-01-08T11:46:37","slug":"contact","status":"publish","type":"page","link":"https:\/\/www.hotel-more.hr\/fr\/contact\/","title":{"rendered":"Contact"},"content":{"rendered":"<p>Tribunal de commerce de Split \u2013 Permanence \u00e0 Dubrovnik<\/p>\n<p>MSB090013436 NIF 74412010990 | Num\u00e9ro de TVA HR74412010990<\/p>\n<p>Capital social : 5.447.000,00 EUR enti\u00e8rement lib\u00e9r\u00e9<\/p>\n<p>Membres du conseil d\u2019administration :<br \/>\nDamir Popovi\u0107, Leo Vujnovi\u0107, Nikolina Pirja\u0107, Jelena \u010cavlina, Marta Mimica<\/p>\n<p>Compte bancaire professionnel :<br \/>\nErste &amp; Steiermarkische Bank d.d., Rijeka<\/p>\n<p>IBAN : HR 3424020061100442688<br \/>\nSWIFT : ESBCHR22<\/p>\n<p><a href=\"https:\/\/poslovni.ht.hr\/payway\" target=\"_blank\" rel=\"noopener\"><img loading=\"lazy\" decoding=\"async\" class=\"alignnone wp-image-3122 size-medium\" src=\"https:\/\/www.hotel-more.hr\/wp-content\/uploads\/2025\/05\/PayWay-Sticker-300x300.jpg\" alt=\"\" width=\"300\" height=\"300\" srcset=\"https:\/\/www.hotel-more.hr\/wp-content\/uploads\/2025\/05\/PayWay-Sticker-300x300.jpg 300w, https:\/\/www.hotel-more.hr\/wp-content\/uploads\/2025\/05\/PayWay-Sticker-1024x1024.jpg 1024w, https:\/\/www.hotel-more.hr\/wp-content\/uploads\/2025\/05\/PayWay-Sticker-150x150.jpg 150w, https:\/\/www.hotel-more.hr\/wp-content\/uploads\/2025\/05\/PayWay-Sticker-768x768.jpg 768w, https:\/\/www.hotel-more.hr\/wp-content\/uploads\/2025\/05\/PayWay-Sticker.jpg 1080w\" sizes=\"auto, (max-width: 300px) 100vw, 300px\" \/><\/a><\/p>\n","protected":false},"excerpt":{"rendered":"<p>Tribunal de commerce de Split \u2013 Permanence \u00e0 Dubrovnik MSB090013436 NIF 74412010990 | Num\u00e9ro de TVA HR74412010990 Capital social : 5.447.000,00 EUR enti\u00e8rement lib\u00e9r\u00e9 Membres du conseil d\u2019administration : Damir Popovi\u0107, Leo Vujnovi\u0107, Nikolina Pirja\u0107, Jelena \u010cavlina, Marta Mimica Compte bancaire professionnel : Erste &amp; Steiermarkische Bank d.d., Rijeka IBAN : HR 3424020061100442688 SWIFT : [&hellip;]<\/p>\n","protected":false},"author":1,"featured_media":0,"parent":0,"menu_order":29,"comment_status":"closed","ping_status":"closed","template":"template-kontakt.php","meta":{"_acf_changed":false,"footnotes":""},"class_list":["post-5501","page","type-page","status-publish","hentry"],"acf":[],"_links":{"self":[{"href":"https:\/\/www.hotel-more.hr\/fr\/wp-json\/wp\/v2\/pages\/5501","targetHints":{"allow":["GET"]}}],"collection":[{"href":"https:\/\/www.hotel-more.hr\/fr\/wp-json\/wp\/v2\/pages"}],"about":[{"href":"https:\/\/www.hotel-more.hr\/fr\/wp-json\/wp\/v2\/types\/page"}],"author":[{"embeddable":true,"href":"https:\/\/www.hotel-more.hr\/fr\/wp-json\/wp\/v2\/users\/1"}],"replies":[{"embeddable":true,"href":"https:\/\/www.hotel-more.hr\/fr\/wp-json\/wp\/v2\/comments?post=5501"}],"version-history":[{"count":3,"href":"https:\/\/www.hotel-more.hr\/fr\/wp-json\/wp\/v2\/pages\/5501\/revisions"}],"predecessor-version":[{"id":5504,"href":"https:\/\/www.hotel-more.hr\/fr\/wp-json\/wp\/v2\/pages\/5501\/revisions\/5504"}],"wp:attachment":[{"href":"https:\/\/www.hotel-more.hr\/fr\/wp-json\/wp\/v2\/media?parent=5501"}],"curies":[{"name":"wp","href":"https:\/\/api.w.org\/{rel}","templated":true}]}}