{"id":6169,"date":"2026-04-10T09:41:39","date_gmt":"2026-04-10T07:41:39","guid":{"rendered":"https:\/\/www.hotel-more.hr\/?page_id=6169"},"modified":"2026-04-21T14:12:12","modified_gmt":"2026-04-21T12:12:12","slug":"more-spa","status":"publish","type":"page","link":"https:\/\/www.hotel-more.hr\/fr\/more-spa\/","title":{"rendered":"More SPA"},"content":{"rendered":"<h2>Ouvert cette ann\u00e9e, le Spa de l\u2019H\u00f4tel More a \u00e9t\u00e9 con\u00e7u comme un espace de calme, d\u2019\u00e9quilibre et de temps pour soi. Des soins du corps et massages aux soins du visage personnalis\u00e9s, chaque exp\u00e9rience est pens\u00e9e pour vous aider \u00e0 ralentir et \u00e0 vous reconnecter \u00e0 vous-m\u00eame, dans une atmosph\u00e8re \u00e0 la fois \u00e9l\u00e9gante et discr\u00e8te.<\/h2>\n","protected":false},"excerpt":{"rendered":"<p>Ouvert cette ann\u00e9e, le Spa de l\u2019H\u00f4tel More a \u00e9t\u00e9 con\u00e7u comme un espace de calme, d\u2019\u00e9quilibre et de temps pour soi. Des soins du corps et massages aux soins du visage personnalis\u00e9s, chaque exp\u00e9rience est pens\u00e9e pour vous aider \u00e0 ralentir et \u00e0 vous reconnecter \u00e0 vous-m\u00eame, dans une atmosph\u00e8re \u00e0 la fois \u00e9l\u00e9gante [&hellip;]<\/p>\n","protected":false},"author":1,"featured_media":6014,"parent":0,"menu_order":3,"comment_status":"closed","ping_status":"closed","template":"template-spa.php","meta":{"_acf_changed":false,"footnotes":""},"class_list":["post-6169","page","type-page","status-publish","has-post-thumbnail","hentry"],"acf":[],"_links":{"self":[{"href":"https:\/\/www.hotel-more.hr\/fr\/wp-json\/wp\/v2\/pages\/6169","targetHints":{"allow":["GET"]}}],"collection":[{"href":"https:\/\/www.hotel-more.hr\/fr\/wp-json\/wp\/v2\/pages"}],"about":[{"href":"https:\/\/www.hotel-more.hr\/fr\/wp-json\/wp\/v2\/types\/page"}],"author":[{"embeddable":true,"href":"https:\/\/www.hotel-more.hr\/fr\/wp-json\/wp\/v2\/users\/1"}],"replies":[{"embeddable":true,"href":"https:\/\/www.hotel-more.hr\/fr\/wp-json\/wp\/v2\/comments?post=6169"}],"version-history":[{"count":2,"href":"https:\/\/www.hotel-more.hr\/fr\/wp-json\/wp\/v2\/pages\/6169\/revisions"}],"predecessor-version":[{"id":6173,"href":"https:\/\/www.hotel-more.hr\/fr\/wp-json\/wp\/v2\/pages\/6169\/revisions\/6173"}],"wp:featuredmedia":[{"embeddable":true,"href":"https:\/\/www.hotel-more.hr\/fr\/wp-json\/wp\/v2\/media\/6014"}],"wp:attachment":[{"href":"https:\/\/www.hotel-more.hr\/fr\/wp-json\/wp\/v2\/media?parent=6169"}],"curies":[{"name":"wp","href":"https:\/\/api.w.org\/{rel}","templated":true}]}}