{"id":4424,"date":"2025-05-08T08:47:51","date_gmt":"2025-05-08T06:47:51","guid":{"rendered":"https:\/\/www.hotel-more.hr\/?page_id=4424"},"modified":"2025-12-09T12:42:12","modified_gmt":"2025-12-09T11:42:12","slug":"o-nama","status":"publish","type":"page","link":"https:\/\/www.hotel-more.hr\/hr\/o-nama\/","title":{"rendered":"O nama"},"content":{"rendered":"<h2>Smje\u0161ten elegantno iznad prekrasne uvale Lapad, Hotel More s pogledom na more nudi mjesta u prvom redu za najljep\u0161u dubrova\u010dku predstavu \u2014 zalaske sunca. U svakodnevnom spektaklu mo\u017eete u\u017eivati s balkona svoje sobe, iz pool bara, whirlpoola u spa zoni, s terasa restorana ili iz Cave Bara More na samoj razini mora. Prepustite se suncu, moru i opu\u0161tanju u ovoj mirnoj oazi istinskog u\u017eivanja.<\/h2>\n","protected":false},"excerpt":{"rendered":"<p>Smje\u0161ten elegantno iznad prekrasne uvale Lapad, Hotel More s pogledom na more nudi mjesta u prvom redu za najljep\u0161u dubrova\u010dku predstavu \u2014 zalaske sunca. U svakodnevnom spektaklu mo\u017eete u\u017eivati s balkona svoje sobe, iz pool bara, whirlpoola u spa zoni, s terasa restorana ili iz Cave Bara More na samoj razini mora. Prepustite se suncu, [&hellip;]<\/p>\n","protected":false},"author":1,"featured_media":3324,"parent":0,"menu_order":28,"comment_status":"closed","ping_status":"closed","template":"template-onama.php","meta":{"_acf_changed":false,"footnotes":""},"class_list":["post-4424","page","type-page","status-publish","has-post-thumbnail","hentry"],"acf":[],"_links":{"self":[{"href":"https:\/\/www.hotel-more.hr\/hr\/wp-json\/wp\/v2\/pages\/4424","targetHints":{"allow":["GET"]}}],"collection":[{"href":"https:\/\/www.hotel-more.hr\/hr\/wp-json\/wp\/v2\/pages"}],"about":[{"href":"https:\/\/www.hotel-more.hr\/hr\/wp-json\/wp\/v2\/types\/page"}],"author":[{"embeddable":true,"href":"https:\/\/www.hotel-more.hr\/hr\/wp-json\/wp\/v2\/users\/1"}],"replies":[{"embeddable":true,"href":"https:\/\/www.hotel-more.hr\/hr\/wp-json\/wp\/v2\/comments?post=4424"}],"version-history":[{"count":24,"href":"https:\/\/www.hotel-more.hr\/hr\/wp-json\/wp\/v2\/pages\/4424\/revisions"}],"predecessor-version":[{"id":5043,"href":"https:\/\/www.hotel-more.hr\/hr\/wp-json\/wp\/v2\/pages\/4424\/revisions\/5043"}],"wp:featuredmedia":[{"embeddable":true,"href":"https:\/\/www.hotel-more.hr\/hr\/wp-json\/wp\/v2\/media\/3324"}],"wp:attachment":[{"href":"https:\/\/www.hotel-more.hr\/hr\/wp-json\/wp\/v2\/media?parent=4424"}],"curies":[{"name":"wp","href":"https:\/\/api.w.org\/{rel}","templated":true}]}}