{"id":6161,"date":"2026-04-10T09:41:39","date_gmt":"2026-04-10T07:41:39","guid":{"rendered":"https:\/\/www.hotel-more.hr\/?page_id=6161"},"modified":"2026-04-21T12:59:07","modified_gmt":"2026-04-21T10:59:07","slug":"more-spa","status":"publish","type":"page","link":"https:\/\/www.hotel-more.hr\/hr\/more-spa\/","title":{"rendered":"More Spa"},"content":{"rendered":"<h2>Otvoren ove godine, Hotel More Spa osmi\u0161ljen je kao prostor mira, ravnote\u017ee i vremena za sebe. Od tretmana za tijelo i masa\u017ea do pa\u017eljivo prilago\u0111enih tretmana za lice, svako iskustvo kreirano je kako bi vam pomoglo usporiti i ponovno se povezati sa sobom \u2013 u atmosferi koja je istovremeno profinjena i nenametljiva.<\/h2>\n","protected":false},"excerpt":{"rendered":"<p>Otvoren ove godine, Hotel More Spa osmi\u0161ljen je kao prostor mira, ravnote\u017ee i vremena za sebe. Od tretmana za tijelo i masa\u017ea do pa\u017eljivo prilago\u0111enih tretmana za lice, svako iskustvo kreirano je kako bi vam pomoglo usporiti i ponovno se povezati sa sobom \u2013 u atmosferi koja je istovremeno profinjena i nenametljiva.<\/p>\n","protected":false},"author":1,"featured_media":6013,"parent":0,"menu_order":3,"comment_status":"closed","ping_status":"closed","template":"template-spa.php","meta":{"_acf_changed":false,"footnotes":""},"class_list":["post-6161","page","type-page","status-publish","has-post-thumbnail","hentry"],"acf":[],"_links":{"self":[{"href":"https:\/\/www.hotel-more.hr\/hr\/wp-json\/wp\/v2\/pages\/6161","targetHints":{"allow":["GET"]}}],"collection":[{"href":"https:\/\/www.hotel-more.hr\/hr\/wp-json\/wp\/v2\/pages"}],"about":[{"href":"https:\/\/www.hotel-more.hr\/hr\/wp-json\/wp\/v2\/types\/page"}],"author":[{"embeddable":true,"href":"https:\/\/www.hotel-more.hr\/hr\/wp-json\/wp\/v2\/users\/1"}],"replies":[{"embeddable":true,"href":"https:\/\/www.hotel-more.hr\/hr\/wp-json\/wp\/v2\/comments?post=6161"}],"version-history":[{"count":3,"href":"https:\/\/www.hotel-more.hr\/hr\/wp-json\/wp\/v2\/pages\/6161\/revisions"}],"predecessor-version":[{"id":6164,"href":"https:\/\/www.hotel-more.hr\/hr\/wp-json\/wp\/v2\/pages\/6161\/revisions\/6164"}],"wp:featuredmedia":[{"embeddable":true,"href":"https:\/\/www.hotel-more.hr\/hr\/wp-json\/wp\/v2\/media\/6013"}],"wp:attachment":[{"href":"https:\/\/www.hotel-more.hr\/hr\/wp-json\/wp\/v2\/media?parent=6161"}],"curies":[{"name":"wp","href":"https:\/\/api.w.org\/{rel}","templated":true}]}}